{"id":41,"date":"2016-03-15T21:20:45","date_gmt":"2016-03-15T21:20:45","guid":{"rendered":"http:\/\/expocarola.com\/home\/?page_id=41"},"modified":"2020-12-04T22:16:48","modified_gmt":"2020-12-04T22:16:48","slug":"nosotros","status":"publish","type":"page","link":"https:\/\/expocarola.com\/home\/nosotros\/","title":{"rendered":"Nosotros"},"content":{"rendered":"<p>[et_pb_section fb_built=\u00bb1&#8243; fullwidth=\u00bbon\u00bb custom_padding_last_edited=\u00bbon|desktop\u00bb admin_label=\u00bbSecci\u00f3n\u00bb _builder_version=\u00bb4.6.2&#8243; background_image=\u00bbhttp:\/\/expocarola.com\/home\/wp-content\/uploads\/2020\/09\/slide-2-min-scaled.jpg\u00bb custom_padding_tablet=\u00bb50px|0|50px|0&#8243; custom_padding_phone=\u00bb\u00bb transparent_background=\u00bboff\u00bb padding_mobile=\u00bboff\u00bb make_fullwidth=\u00bboff\u00bb use_custom_width=\u00bboff\u00bb width_unit=\u00bbon\u00bb][et_pb_fullwidth_header content_max_width=\u00bbnone\u00bb admin_label=\u00bbT\u00edtulo de anchura completa\u00bb _builder_version=\u00bb3.16&#8243; background_color=\u00bbrgba(255, 255, 255, 0)\u00bb background_layout=\u00bblight\u00bb custom_padding=\u00bb85px||0px|||\u00bb button_one_letter_spacing_hover=\u00bb0&#8243; button_two_letter_spacing_hover=\u00bb0&#8243; global_module=\u00bb679&#8243; saved_tabs=\u00bball\u00bb button_one_text_size__hover_enabled=\u00bboff\u00bb button_two_text_size__hover_enabled=\u00bboff\u00bb button_one_text_color__hover_enabled=\u00bboff\u00bb button_two_text_color__hover_enabled=\u00bboff\u00bb button_one_border_width__hover_enabled=\u00bboff\u00bb button_two_border_width__hover_enabled=\u00bboff\u00bb button_one_border_color__hover_enabled=\u00bboff\u00bb button_two_border_color__hover_enabled=\u00bboff\u00bb button_one_border_radius__hover_enabled=\u00bboff\u00bb button_two_border_radius__hover_enabled=\u00bboff\u00bb button_one_letter_spacing__hover_enabled=\u00bbon\u00bb button_one_letter_spacing__hover=\u00bb0&#8243; button_two_letter_spacing__hover_enabled=\u00bbon\u00bb button_two_letter_spacing__hover=\u00bb0&#8243; button_one_bg_color__hover_enabled=\u00bboff\u00bb button_two_bg_color__hover_enabled=\u00bboff\u00bb][\/et_pb_fullwidth_header][\/et_pb_section][et_pb_section fb_built=\u00bb1&#8243; admin_label=\u00bbsection\u00bb _builder_version=\u00bb3.22&#8243;][et_pb_row column_structure=\u00bb1_2,1_2&#8243; admin_label=\u00bbrow\u00bb _builder_version=\u00bb3.25&#8243; background_size=\u00bbinitial\u00bb background_position=\u00bbtop_left\u00bb background_repeat=\u00bbrepeat\u00bb custom_margin=\u00bb|auto|32px|auto||\u00bb custom_padding=\u00bb||0px|||\u00bb][et_pb_column type=\u00bb1_2&#8243; _builder_version=\u00bb3.25&#8243; custom_padding=\u00bb|||\u00bb custom_padding__hover=\u00bb|||\u00bb][et_pb_text admin_label=\u00bbTexto\u00bb _builder_version=\u00bb4.6.2&#8243; background_size=\u00bbinitial\u00bb background_position=\u00bbtop_left\u00bb background_repeat=\u00bbrepeat\u00bb custom_margin=\u00bb|-19px||||\u00bb use_border_color=\u00bboff\u00bb border_color=\u00bb#ffffff\u00bb border_style=\u00bbsolid\u00bb]<\/p>\n<h6 class=\"font_5\"><span>BIENVENIDO A<\/span><\/h6>\n<h1><strong><span style=\"color: #ff6600;\"><span class=\"line-left\">Expocarola<\/span><\/span><\/strong><\/h1>\n<p><span style=\"font-size: 14px;\"><\/span><\/p>\n<p><span style=\"font-size: 14px;\">Expocarola S.A.S. inicio legalmente con el nombre de Dulces T\u00edpicos La Carola en Septiembre de 2007, \u00a0despu\u00e9s de ser un negocio de tradici\u00f3n familiar por m\u00e1s de 30 a\u00f1os. Conservando la tradici\u00f3n y calidad, se apoya en el concepto t\u00e9cnico e industrial de la nueva Era, desarrollando nuevos productos y t\u00e9cnicas, anticip\u00e1ndose a las tendencias del mercado.<\/span><\/p>\n<p>Con el fin de dar un cambio radical de su negocio decide cambiar su raz\u00f3n social\u00a0 para proyectar internacionalmente sus productos.<\/p>\n<p>&nbsp;<\/p>\n<h2><strong><span class=\"line-left\">Misi\u00f3n<\/span><\/strong><\/h2>\n<p>&nbsp;<\/p>\n<p>Expocarola S.A.S. es una Empresa creada para satisfacer las crecientes demandas de los consumidores en el pa\u00eds y el mundo, ofreciendo productos \u00e9tnicos t\u00edpicos del tr\u00f3pico de gran calidad que cumplen con los m\u00e1s altos est\u00e1ndares de fabricaci\u00f3n.<\/p>\n<p>Nuestra excelente calidad y servicio a precios competitivos tienen como base fundamental el respeto por el ser humano y la naturaleza, contribuyendo as\u00ed con el desarrollo socio-econ\u00f3mico de la Regi\u00f3n.<span style=\"font-size: 14px;\">\u00a0<\/span>[\/et_pb_text][\/et_pb_column][et_pb_column type=\u00bb1_2&#8243; _builder_version=\u00bb3.25&#8243; custom_padding=\u00bb|||\u00bb custom_padding__hover=\u00bb|||\u00bb][et_pb_image src=\u00bbhttp:\/\/expocarola.com\/home\/wp-content\/uploads\/2016\/04\/chontaduro-expocarola.jpg\u00bb title_text=\u00bbchontaduro-expocarola\u00bb _builder_version=\u00bb4.6.2&#8243; _module_preset=\u00bbdefault\u00bb][\/et_pb_image][\/et_pb_column][\/et_pb_row][et_pb_row admin_label=\u00bbFila\u00bb _builder_version=\u00bb3.25&#8243; background_size=\u00bbinitial\u00bb background_position=\u00bbtop_left\u00bb background_repeat=\u00bbrepeat\u00bb custom_padding=\u00bb0px|||||\u00bb][et_pb_column type=\u00bb4_4&#8243; _builder_version=\u00bb3.25&#8243; custom_padding=\u00bb|||\u00bb custom_padding__hover=\u00bb|||\u00bb][et_pb_text admin_label=\u00bbTexto\u00bb _builder_version=\u00bb4.6.2&#8243; background_size=\u00bbinitial\u00bb background_position=\u00bbtop_left\u00bb background_repeat=\u00bbrepeat\u00bb use_border_color=\u00bboff\u00bb border_color=\u00bb#ffffff\u00bb border_style=\u00bbsolid\u00bb]<\/p>\n<h2><strong><span class=\"line-left\">Visi\u00f3n<\/span><\/strong><\/h2>\n<p><span style=\"font-size: 14px;\"><\/span><\/p>\n<p><span style=\"font-size: 14px;\"><\/span><\/p>\n<p><span style=\"font-size: 14px;\">Expocarola S.A.S tiene como visi\u00f3n ser una Empresa diferente por su calidad y competitividad. Consolidarse en el mercado nacional e internacional como la compa\u00f1\u00eda n\u00famero uno en producir y comercializar productos \u00e9tnicos t\u00edpicos colombianos.<\/span><\/p>\n<p>[\/et_pb_text][\/et_pb_column][\/et_pb_row][\/et_pb_section]<\/p>\n","protected":false},"excerpt":{"rendered":"<p>BIENVENIDO A Expocarola Expocarola S.A.S. inicio legalmente con el nombre de Dulces T\u00edpicos La Carola en Septiembre de 2007, \u00a0despu\u00e9s de ser un negocio de tradici\u00f3n familiar por m\u00e1s de 30 a\u00f1os. Conservando la tradici\u00f3n y calidad, se apoya en el concepto t\u00e9cnico e industrial de la nueva Era, desarrollando nuevos productos y t\u00e9cnicas, anticip\u00e1ndose [&hellip;]<\/p>\n","protected":false},"author":1,"featured_media":0,"parent":0,"menu_order":0,"comment_status":"closed","ping_status":"closed","template":"","meta":{"_et_pb_use_builder":"on","_et_pb_old_content":"","_et_gb_content_width":"","footnotes":""},"class_list":["post-41","page","type-page","status-publish","hentry"],"yoast_head":"<!-- This site is optimized with the Yoast SEO plugin v27.3 - https:\/\/yoast.com\/product\/yoast-seo-wordpress\/ -->\n<title>Nosotros - Expocarola S.A.S<\/title>\n<meta name=\"robots\" content=\"index, follow, max-snippet:-1, max-image-preview:large, max-video-preview:-1\" \/>\n<link rel=\"canonical\" href=\"http:\/\/expocarola.com\/home\/nosotros\/\" \/>\n<meta property=\"og:locale\" content=\"es_ES\" \/>\n<meta property=\"og:type\" content=\"article\" \/>\n<meta property=\"og:title\" content=\"Nosotros - Expocarola S.A.S\" \/>\n<meta property=\"og:description\" content=\"BIENVENIDO A Expocarola Expocarola S.A.S. inicio legalmente con el nombre de Dulces T\u00edpicos La Carola en Septiembre de 2007, \u00a0despu\u00e9s de ser un negocio de tradici\u00f3n familiar por m\u00e1s de 30 a\u00f1os. Conservando la tradici\u00f3n y calidad, se apoya en el concepto t\u00e9cnico e industrial de la nueva Era, desarrollando nuevos productos y t\u00e9cnicas, anticip\u00e1ndose [&hellip;]\" \/>\n<meta property=\"og:url\" content=\"http:\/\/expocarola.com\/home\/nosotros\/\" \/>\n<meta property=\"og:site_name\" content=\"Expocarola S.A.S\" \/>\n<meta property=\"article:publisher\" content=\"https:\/\/www.facebook.com\/Expocarola-1599740813682289\/?fref=ts\" \/>\n<meta property=\"article:modified_time\" content=\"2020-12-04T22:16:48+00:00\" \/>\n<meta name=\"twitter:card\" content=\"summary_large_image\" \/>\n<meta name=\"twitter:site\" content=\"@expocarola\" \/>\n<meta name=\"twitter:label1\" content=\"Tiempo de lectura\" \/>\n\t<meta name=\"twitter:data1\" content=\"3 minutos\" \/>\n<script type=\"application\/ld+json\" class=\"yoast-schema-graph\">{\"@context\":\"https:\\\/\\\/schema.org\",\"@graph\":[{\"@type\":\"WebPage\",\"@id\":\"http:\\\/\\\/expocarola.com\\\/home\\\/nosotros\\\/\",\"url\":\"http:\\\/\\\/expocarola.com\\\/home\\\/nosotros\\\/\",\"name\":\"Nosotros - Expocarola S.A.S\",\"isPartOf\":{\"@id\":\"http:\\\/\\\/expocarola.com\\\/home\\\/#website\"},\"datePublished\":\"2016-03-15T21:20:45+00:00\",\"dateModified\":\"2020-12-04T22:16:48+00:00\",\"breadcrumb\":{\"@id\":\"http:\\\/\\\/expocarola.com\\\/home\\\/nosotros\\\/#breadcrumb\"},\"inLanguage\":\"es\",\"potentialAction\":[{\"@type\":\"ReadAction\",\"target\":[\"http:\\\/\\\/expocarola.com\\\/home\\\/nosotros\\\/\"]}]},{\"@type\":\"BreadcrumbList\",\"@id\":\"http:\\\/\\\/expocarola.com\\\/home\\\/nosotros\\\/#breadcrumb\",\"itemListElement\":[{\"@type\":\"ListItem\",\"position\":1,\"name\":\"Portada\",\"item\":\"http:\\\/\\\/expocarola.com\\\/home\\\/\"},{\"@type\":\"ListItem\",\"position\":2,\"name\":\"Nosotros\"}]},{\"@type\":\"WebSite\",\"@id\":\"http:\\\/\\\/expocarola.com\\\/home\\\/#website\",\"url\":\"http:\\\/\\\/expocarola.com\\\/home\\\/\",\"name\":\"Expocarola S.A.S\",\"description\":\"Expocarola S.A.S. es una Empresa creada para satisfacer las crecientes demandas de los consumidores en el pa\u00eds y el mundo.\",\"potentialAction\":[{\"@type\":\"SearchAction\",\"target\":{\"@type\":\"EntryPoint\",\"urlTemplate\":\"http:\\\/\\\/expocarola.com\\\/home\\\/?s={search_term_string}\"},\"query-input\":{\"@type\":\"PropertyValueSpecification\",\"valueRequired\":true,\"valueName\":\"search_term_string\"}}],\"inLanguage\":\"es\"}]}<\/script>\n<!-- \/ Yoast SEO plugin. -->","yoast_head_json":{"title":"Nosotros - Expocarola S.A.S","robots":{"index":"index","follow":"follow","max-snippet":"max-snippet:-1","max-image-preview":"max-image-preview:large","max-video-preview":"max-video-preview:-1"},"canonical":"http:\/\/expocarola.com\/home\/nosotros\/","og_locale":"es_ES","og_type":"article","og_title":"Nosotros - Expocarola S.A.S","og_description":"BIENVENIDO A Expocarola Expocarola S.A.S. inicio legalmente con el nombre de Dulces T\u00edpicos La Carola en Septiembre de 2007, \u00a0despu\u00e9s de ser un negocio de tradici\u00f3n familiar por m\u00e1s de 30 a\u00f1os. Conservando la tradici\u00f3n y calidad, se apoya en el concepto t\u00e9cnico e industrial de la nueva Era, desarrollando nuevos productos y t\u00e9cnicas, anticip\u00e1ndose [&hellip;]","og_url":"http:\/\/expocarola.com\/home\/nosotros\/","og_site_name":"Expocarola S.A.S","article_publisher":"https:\/\/www.facebook.com\/Expocarola-1599740813682289\/?fref=ts","article_modified_time":"2020-12-04T22:16:48+00:00","twitter_card":"summary_large_image","twitter_site":"@expocarola","twitter_misc":{"Tiempo de lectura":"3 minutos"},"schema":{"@context":"https:\/\/schema.org","@graph":[{"@type":"WebPage","@id":"http:\/\/expocarola.com\/home\/nosotros\/","url":"http:\/\/expocarola.com\/home\/nosotros\/","name":"Nosotros - Expocarola S.A.S","isPartOf":{"@id":"http:\/\/expocarola.com\/home\/#website"},"datePublished":"2016-03-15T21:20:45+00:00","dateModified":"2020-12-04T22:16:48+00:00","breadcrumb":{"@id":"http:\/\/expocarola.com\/home\/nosotros\/#breadcrumb"},"inLanguage":"es","potentialAction":[{"@type":"ReadAction","target":["http:\/\/expocarola.com\/home\/nosotros\/"]}]},{"@type":"BreadcrumbList","@id":"http:\/\/expocarola.com\/home\/nosotros\/#breadcrumb","itemListElement":[{"@type":"ListItem","position":1,"name":"Portada","item":"http:\/\/expocarola.com\/home\/"},{"@type":"ListItem","position":2,"name":"Nosotros"}]},{"@type":"WebSite","@id":"http:\/\/expocarola.com\/home\/#website","url":"http:\/\/expocarola.com\/home\/","name":"Expocarola S.A.S","description":"Expocarola S.A.S. es una Empresa creada para satisfacer las crecientes demandas de los consumidores en el pa\u00eds y el mundo.","potentialAction":[{"@type":"SearchAction","target":{"@type":"EntryPoint","urlTemplate":"http:\/\/expocarola.com\/home\/?s={search_term_string}"},"query-input":{"@type":"PropertyValueSpecification","valueRequired":true,"valueName":"search_term_string"}}],"inLanguage":"es"}]}},"_links":{"self":[{"href":"https:\/\/expocarola.com\/home\/wp-json\/wp\/v2\/pages\/41","targetHints":{"allow":["GET"]}}],"collection":[{"href":"https:\/\/expocarola.com\/home\/wp-json\/wp\/v2\/pages"}],"about":[{"href":"https:\/\/expocarola.com\/home\/wp-json\/wp\/v2\/types\/page"}],"author":[{"embeddable":true,"href":"https:\/\/expocarola.com\/home\/wp-json\/wp\/v2\/users\/1"}],"replies":[{"embeddable":true,"href":"https:\/\/expocarola.com\/home\/wp-json\/wp\/v2\/comments?post=41"}],"version-history":[{"count":55,"href":"https:\/\/expocarola.com\/home\/wp-json\/wp\/v2\/pages\/41\/revisions"}],"predecessor-version":[{"id":947,"href":"https:\/\/expocarola.com\/home\/wp-json\/wp\/v2\/pages\/41\/revisions\/947"}],"wp:attachment":[{"href":"https:\/\/expocarola.com\/home\/wp-json\/wp\/v2\/media?parent=41"}],"curies":[{"name":"wp","href":"https:\/\/api.w.org\/{rel}","templated":true}]}}