{"id":46,"date":"2016-03-15T21:21:21","date_gmt":"2016-03-15T21:21:21","guid":{"rendered":"http:\/\/expocarola.com\/home\/?page_id=46"},"modified":"2022-02-05T23:00:55","modified_gmt":"2022-02-05T23:00:55","slug":"contactenos","status":"publish","type":"page","link":"http:\/\/expocarola.com\/home\/contactenos\/","title":{"rendered":"Cont\u00e1ctenos"},"content":{"rendered":"<p>[et_pb_section fb_built=\u00bb1&#8243; fullwidth=\u00bbon\u00bb admin_label=\u00bbsection\u00bb _builder_version=\u00bb3.22&#8243;][et_pb_fullwidth_map address=\u00bbCalle 44 #2 Este-18,, Palmira, Valle del Cauca\u00bb zoom_level=\u00bb12&#8243; address_lat=\u00bb3.540688799999977&#8243; address_lng=\u00bb-76.27925349999998&#8243; admin_label=\u00bbFullwidth Map\u00bb _builder_version=\u00bb4.6.2&#8243;][et_pb_map_pin title=\u00bbExpocarola\u00bb pin_address=\u00bbCalle 44 # 2 Este-08, Palmira, Valle del Cauca\u00bb pin_address_lat=\u00bb3.5406888&#8243; pin_address_lng=\u00bb-76.27925349999998&#8243; _builder_version=\u00bb4.6.2&#8243;][\/et_pb_map_pin][\/et_pb_fullwidth_map][\/et_pb_section][et_pb_section fb_built=\u00bb1&#8243; admin_label=\u00bbsection\u00bb _builder_version=\u00bb3.22&#8243;][et_pb_row column_structure=\u00bb2_3,1_3&#8243; admin_label=\u00bbrow\u00bb _builder_version=\u00bb3.25&#8243; background_size=\u00bbinitial\u00bb background_position=\u00bbtop_left\u00bb background_repeat=\u00bbrepeat\u00bb][et_pb_column type=\u00bb2_3&#8243; _builder_version=\u00bb3.25&#8243; custom_padding=\u00bb|||\u00bb custom_padding__hover=\u00bb|||\u00bb][et_pb_contact_form email=\u00bbgerardo.orozco25@gmail.com\u00bb title=\u00bbFormulario de Cont\u00e1cto\u00bb admin_label=\u00bbContact Form\u00bb _builder_version=\u00bb4.6.2&#8243; _dynamic_attributes=\u00bblink_option_url\u00bb link_option_url=\u00bb@ET-DC@eyJkeW5hbWljIjp0cnVlLCJjb250ZW50IjoicG9zdF9saW5rX3VybF9hdHRhY2htZW50Iiwic2V0dGluZ3MiOnsicG9zdF9pZCI6Ijg4MCJ9fQ==@\u00bb link_option_url_new_window=\u00bbon\u00bb border_radii=\u00bbon|0px|0px|0px|0px\u00bb use_border_color=\u00bboff\u00bb border_color=\u00bb#ffffff\u00bb border_style=\u00bbsolid\u00bb input_border_radius=\u00bb0&#8243; button_letter_spacing_hover=\u00bb0&#8243;][et_pb_contact_field field_id=\u00bbName\u00bb field_title=\u00bbNombre\u00bb fullwidth_field=\u00bbon\u00bb _builder_version=\u00bb4.6.2&#8243; button_text_size__hover_enabled=\u00bboff\u00bb button_one_text_size__hover_enabled=\u00bboff\u00bb button_two_text_size__hover_enabled=\u00bboff\u00bb button_text_color__hover_enabled=\u00bboff\u00bb button_one_text_color__hover_enabled=\u00bboff\u00bb button_two_text_color__hover_enabled=\u00bboff\u00bb button_border_width__hover_enabled=\u00bboff\u00bb button_one_border_width__hover_enabled=\u00bboff\u00bb button_two_border_width__hover_enabled=\u00bboff\u00bb button_border_color__hover_enabled=\u00bboff\u00bb button_one_border_color__hover_enabled=\u00bboff\u00bb button_two_border_color__hover_enabled=\u00bboff\u00bb button_border_radius__hover_enabled=\u00bboff\u00bb button_one_border_radius__hover_enabled=\u00bboff\u00bb button_two_border_radius__hover_enabled=\u00bboff\u00bb button_letter_spacing__hover_enabled=\u00bboff\u00bb button_one_letter_spacing__hover_enabled=\u00bboff\u00bb button_two_letter_spacing__hover_enabled=\u00bboff\u00bb button_bg_color__hover_enabled=\u00bboff\u00bb button_one_bg_color__hover_enabled=\u00bboff\u00bb button_two_bg_color__hover_enabled=\u00bboff\u00bb] [\/et_pb_contact_field][et_pb_contact_field field_id=\u00bbEmail\u00bb field_title=\u00bbDirecci\u00f3n de correo electr\u00f3nico\u00bb field_type=\u00bbemail\u00bb fullwidth_field=\u00bbon\u00bb _builder_version=\u00bb4.6.2&#8243; button_text_size__hover_enabled=\u00bboff\u00bb button_one_text_size__hover_enabled=\u00bboff\u00bb button_two_text_size__hover_enabled=\u00bboff\u00bb button_text_color__hover_enabled=\u00bboff\u00bb button_one_text_color__hover_enabled=\u00bboff\u00bb button_two_text_color__hover_enabled=\u00bboff\u00bb button_border_width__hover_enabled=\u00bboff\u00bb button_one_border_width__hover_enabled=\u00bboff\u00bb button_two_border_width__hover_enabled=\u00bboff\u00bb button_border_color__hover_enabled=\u00bboff\u00bb button_one_border_color__hover_enabled=\u00bboff\u00bb button_two_border_color__hover_enabled=\u00bboff\u00bb button_border_radius__hover_enabled=\u00bboff\u00bb button_one_border_radius__hover_enabled=\u00bboff\u00bb button_two_border_radius__hover_enabled=\u00bboff\u00bb button_letter_spacing__hover_enabled=\u00bboff\u00bb button_one_letter_spacing__hover_enabled=\u00bboff\u00bb button_two_letter_spacing__hover_enabled=\u00bboff\u00bb button_bg_color__hover_enabled=\u00bboff\u00bb button_one_bg_color__hover_enabled=\u00bboff\u00bb button_two_bg_color__hover_enabled=\u00bboff\u00bb] [\/et_pb_contact_field][et_pb_contact_field field_id=\u00bbTelefono\u00bb field_title=\u00bbTelef\u00f3no\u00bb field_type=\u00bbemail\u00bb fullwidth_field=\u00bbon\u00bb _builder_version=\u00bb4.6.2&#8243; button_text_size__hover_enabled=\u00bboff\u00bb button_one_text_size__hover_enabled=\u00bboff\u00bb button_two_text_size__hover_enabled=\u00bboff\u00bb button_text_color__hover_enabled=\u00bboff\u00bb button_one_text_color__hover_enabled=\u00bboff\u00bb button_two_text_color__hover_enabled=\u00bboff\u00bb button_border_width__hover_enabled=\u00bboff\u00bb button_one_border_width__hover_enabled=\u00bboff\u00bb button_two_border_width__hover_enabled=\u00bboff\u00bb button_border_color__hover_enabled=\u00bboff\u00bb button_one_border_color__hover_enabled=\u00bboff\u00bb button_two_border_color__hover_enabled=\u00bboff\u00bb button_border_radius__hover_enabled=\u00bboff\u00bb button_one_border_radius__hover_enabled=\u00bboff\u00bb button_two_border_radius__hover_enabled=\u00bboff\u00bb button_letter_spacing__hover_enabled=\u00bboff\u00bb button_one_letter_spacing__hover_enabled=\u00bboff\u00bb button_two_letter_spacing__hover_enabled=\u00bboff\u00bb button_bg_color__hover_enabled=\u00bboff\u00bb button_one_bg_color__hover_enabled=\u00bboff\u00bb button_two_bg_color__hover_enabled=\u00bboff\u00bb] [\/et_pb_contact_field][et_pb_contact_field field_id=\u00bbMessage\u00bb field_title=\u00bbMensaje\u00bb field_type=\u00bbtext\u00bb fullwidth_field=\u00bbon\u00bb _builder_version=\u00bb4.6.2&#8243; button_text_size__hover_enabled=\u00bboff\u00bb button_one_text_size__hover_enabled=\u00bboff\u00bb button_two_text_size__hover_enabled=\u00bboff\u00bb button_text_color__hover_enabled=\u00bboff\u00bb button_one_text_color__hover_enabled=\u00bboff\u00bb button_two_text_color__hover_enabled=\u00bboff\u00bb button_border_width__hover_enabled=\u00bboff\u00bb button_one_border_width__hover_enabled=\u00bboff\u00bb button_two_border_width__hover_enabled=\u00bboff\u00bb button_border_color__hover_enabled=\u00bboff\u00bb button_one_border_color__hover_enabled=\u00bboff\u00bb button_two_border_color__hover_enabled=\u00bboff\u00bb button_border_radius__hover_enabled=\u00bboff\u00bb button_one_border_radius__hover_enabled=\u00bboff\u00bb button_two_border_radius__hover_enabled=\u00bboff\u00bb button_letter_spacing__hover_enabled=\u00bboff\u00bb button_one_letter_spacing__hover_enabled=\u00bboff\u00bb button_two_letter_spacing__hover_enabled=\u00bboff\u00bb button_bg_color__hover_enabled=\u00bboff\u00bb button_one_bg_color__hover_enabled=\u00bboff\u00bb button_two_bg_color__hover_enabled=\u00bboff\u00bb] [\/et_pb_contact_field][et_pb_contact_field field_id=\u00bbTratamiento_de_datos\u00bb field_title=\u00bbTratamiento de datos\u00bb field_type=\u00bbcheckbox\u00bb checkbox_options=\u00bb%91{%22dragID%22:-1,%22value%22:%22Autorizo el tratamiento de datos%22,%22checked%22:0}%93&#8243; fullwidth_field=\u00bbon\u00bb _builder_version=\u00bb4.6.2&#8243; _dynamic_attributes=\u00bblink_option_url\u00bb _module_preset=\u00bbdefault\u00bb link_option_url=\u00bb@ET-DC@eyJkeW5hbWljIjp0cnVlLCJjb250ZW50IjoicG9zdF9saW5rX3VybF9hdHRhY2htZW50Iiwic2V0dGluZ3MiOnsicG9zdF9pZCI6Ijg4MSJ9fQ==@\u00bb][\/et_pb_contact_field][et_pb_contact_field field_id=\u00bbPolitica_de_privacidad\u00bb field_title=\u00bbPolitica de privacidad\u00bb field_type=\u00bbcheckbox\u00bb checkbox_options=\u00bb%91{%22dragID%22:-1,%22value%22:%22Acepto las politicas de provacidad%22,%22checked%22:0}%93&#8243; fullwidth_field=\u00bbon\u00bb _builder_version=\u00bb4.6.2&#8243; _dynamic_attributes=\u00bblink_option_url\u00bb _module_preset=\u00bbdefault\u00bb link_option_url=\u00bb@ET-DC@eyJkeW5hbWljIjp0cnVlLCJjb250ZW50IjoicG9zdF9saW5rX3VybF9hdHRhY2htZW50Iiwic2V0dGluZ3MiOnsicG9zdF9pZCI6Ijg4MCJ9fQ==@\u00bb][\/et_pb_contact_field][\/et_pb_contact_form][\/et_pb_column][et_pb_column type=\u00bb1_3&#8243; _builder_version=\u00bb3.25&#8243; custom_padding=\u00bb|||\u00bb custom_padding__hover=\u00bb|||\u00bb][et_pb_text admin_label=\u00bbText\u00bb _builder_version=\u00bb4.6.2&#8243; background_size=\u00bbinitial\u00bb background_position=\u00bbtop_left\u00bb background_repeat=\u00bbrepeat\u00bb use_border_color=\u00bboff\u00bb border_color=\u00bb#ffffff\u00bb border_style=\u00bbsolid\u00bb]<\/p>\n<h3>\u00a0Cont\u00e1ctenos<\/h3>\n<p>Gracias por cont\u00e1ctarnos, escriba su sugerencia o inquietud la cual le daremos la respuesta oportuna.<\/p>\n<p><strong>Direcci\u00f3n:<\/strong> Calle 44 # 2 Este &#8211; 08, Palmira, Valle del Cauca<br \/> Palmira, Valle del Cauca<\/p>\n<p><strong>Tel\u00e9fono:<\/strong> (57 2) 2710438<br \/> <strong>Celular.<\/strong> (57)\u00a0311 7053667<\/p>\n<p>[\/et_pb_text][et_pb_image src=\u00bbhttp:\/\/expocarola.com\/home\/wp-content\/uploads\/2016\/03\/LS1-1.png\u00bb align_tablet=\u00bbcenter\u00bb align_phone=\u00bb\u00bb align_last_edited=\u00bbon|desktop\u00bb admin_label=\u00bbImagen\u00bb _builder_version=\u00bb3.23&#8243; animation_style=\u00bbslide\u00bb animation_direction=\u00bbleft\u00bb animation_duration=\u00bb500ms\u00bb animation_intensity_slide=\u00bb10%\u00bb use_border_color=\u00bboff\u00bb border_color=\u00bb#ffffff\u00bb border_style=\u00bbsolid\u00bb animation=\u00bbleft\u00bb sticky=\u00bboff\u00bb always_center_on_mobile=\u00bbon\u00bb] [\/et_pb_image][\/et_pb_column][\/et_pb_row][\/et_pb_section]<\/p>\n","protected":false},"excerpt":{"rendered":"<p>\u00a0Cont\u00e1ctenos Gracias por cont\u00e1ctarnos, escriba su sugerencia o inquietud la cual le daremos la respuesta oportuna. Direcci\u00f3n: Calle 44 # 2 Este &#8211; 08, Palmira, Valle del Cauca Palmira, Valle del Cauca Tel\u00e9fono: (57 2) 2710438 Celular. (57)\u00a0311 7053667<\/p>\n","protected":false},"author":1,"featured_media":0,"parent":0,"menu_order":0,"comment_status":"closed","ping_status":"closed","template":"","meta":{"_et_pb_use_builder":"on","_et_pb_old_content":"","_et_gb_content_width":"","footnotes":""},"class_list":["post-46","page","type-page","status-publish","hentry"],"yoast_head":"<!-- This site is optimized with the Yoast SEO plugin v27.5 - https:\/\/yoast.com\/product\/yoast-seo-wordpress\/ -->\n<title>Cont\u00e1ctenos - Expocarola S.A.S<\/title>\n<meta name=\"robots\" content=\"index, follow, max-snippet:-1, max-image-preview:large, max-video-preview:-1\" \/>\n<link rel=\"canonical\" href=\"http:\/\/expocarola.com\/home\/contactenos\/\" \/>\n<meta property=\"og:locale\" content=\"es_ES\" \/>\n<meta property=\"og:type\" content=\"article\" \/>\n<meta property=\"og:title\" content=\"Cont\u00e1ctenos - Expocarola S.A.S\" \/>\n<meta property=\"og:description\" content=\"\u00a0Cont\u00e1ctenos Gracias por cont\u00e1ctarnos, escriba su sugerencia o inquietud la cual le daremos la respuesta oportuna. Direcci\u00f3n: Calle 44 # 2 Este - 08, Palmira, Valle del Cauca Palmira, Valle del Cauca Tel\u00e9fono: (57 2) 2710438 Celular. (57)\u00a0311 7053667\" \/>\n<meta property=\"og:url\" content=\"http:\/\/expocarola.com\/home\/contactenos\/\" \/>\n<meta property=\"og:site_name\" content=\"Expocarola S.A.S\" \/>\n<meta property=\"article:publisher\" content=\"https:\/\/www.facebook.com\/Expocarola-1599740813682289\/?fref=ts\" \/>\n<meta property=\"article:modified_time\" content=\"2022-02-05T23:00:55+00:00\" \/>\n<meta name=\"twitter:card\" content=\"summary_large_image\" \/>\n<meta name=\"twitter:site\" content=\"@expocarola\" \/>\n<meta name=\"twitter:label1\" content=\"Tiempo de lectura\" \/>\n\t<meta name=\"twitter:data1\" content=\"6 minutos\" \/>\n<script type=\"application\/ld+json\" class=\"yoast-schema-graph\">{\"@context\":\"https:\\\/\\\/schema.org\",\"@graph\":[{\"@type\":\"WebPage\",\"@id\":\"http:\\\/\\\/expocarola.com\\\/home\\\/contactenos\\\/\",\"url\":\"http:\\\/\\\/expocarola.com\\\/home\\\/contactenos\\\/\",\"name\":\"Cont\u00e1ctenos - Expocarola S.A.S\",\"isPartOf\":{\"@id\":\"http:\\\/\\\/expocarola.com\\\/home\\\/#website\"},\"datePublished\":\"2016-03-15T21:21:21+00:00\",\"dateModified\":\"2022-02-05T23:00:55+00:00\",\"breadcrumb\":{\"@id\":\"http:\\\/\\\/expocarola.com\\\/home\\\/contactenos\\\/#breadcrumb\"},\"inLanguage\":\"es\",\"potentialAction\":[{\"@type\":\"ReadAction\",\"target\":[\"http:\\\/\\\/expocarola.com\\\/home\\\/contactenos\\\/\"]}]},{\"@type\":\"BreadcrumbList\",\"@id\":\"http:\\\/\\\/expocarola.com\\\/home\\\/contactenos\\\/#breadcrumb\",\"itemListElement\":[{\"@type\":\"ListItem\",\"position\":1,\"name\":\"Portada\",\"item\":\"http:\\\/\\\/expocarola.com\\\/home\\\/\"},{\"@type\":\"ListItem\",\"position\":2,\"name\":\"Cont\u00e1ctenos\"}]},{\"@type\":\"WebSite\",\"@id\":\"http:\\\/\\\/expocarola.com\\\/home\\\/#website\",\"url\":\"http:\\\/\\\/expocarola.com\\\/home\\\/\",\"name\":\"Expocarola S.A.S\",\"description\":\"Expocarola S.A.S. es una Empresa creada para satisfacer las crecientes demandas de los consumidores en el pa\u00eds y el mundo.\",\"potentialAction\":[{\"@type\":\"SearchAction\",\"target\":{\"@type\":\"EntryPoint\",\"urlTemplate\":\"http:\\\/\\\/expocarola.com\\\/home\\\/?s={search_term_string}\"},\"query-input\":{\"@type\":\"PropertyValueSpecification\",\"valueRequired\":true,\"valueName\":\"search_term_string\"}}],\"inLanguage\":\"es\"}]}<\/script>\n<!-- \/ Yoast SEO plugin. -->","yoast_head_json":{"title":"Cont\u00e1ctenos - Expocarola S.A.S","robots":{"index":"index","follow":"follow","max-snippet":"max-snippet:-1","max-image-preview":"max-image-preview:large","max-video-preview":"max-video-preview:-1"},"canonical":"http:\/\/expocarola.com\/home\/contactenos\/","og_locale":"es_ES","og_type":"article","og_title":"Cont\u00e1ctenos - Expocarola S.A.S","og_description":"\u00a0Cont\u00e1ctenos Gracias por cont\u00e1ctarnos, escriba su sugerencia o inquietud la cual le daremos la respuesta oportuna. Direcci\u00f3n: Calle 44 # 2 Este - 08, Palmira, Valle del Cauca Palmira, Valle del Cauca Tel\u00e9fono: (57 2) 2710438 Celular. (57)\u00a0311 7053667","og_url":"http:\/\/expocarola.com\/home\/contactenos\/","og_site_name":"Expocarola S.A.S","article_publisher":"https:\/\/www.facebook.com\/Expocarola-1599740813682289\/?fref=ts","article_modified_time":"2022-02-05T23:00:55+00:00","twitter_card":"summary_large_image","twitter_site":"@expocarola","twitter_misc":{"Tiempo de lectura":"6 minutos"},"schema":{"@context":"https:\/\/schema.org","@graph":[{"@type":"WebPage","@id":"http:\/\/expocarola.com\/home\/contactenos\/","url":"http:\/\/expocarola.com\/home\/contactenos\/","name":"Cont\u00e1ctenos - Expocarola S.A.S","isPartOf":{"@id":"http:\/\/expocarola.com\/home\/#website"},"datePublished":"2016-03-15T21:21:21+00:00","dateModified":"2022-02-05T23:00:55+00:00","breadcrumb":{"@id":"http:\/\/expocarola.com\/home\/contactenos\/#breadcrumb"},"inLanguage":"es","potentialAction":[{"@type":"ReadAction","target":["http:\/\/expocarola.com\/home\/contactenos\/"]}]},{"@type":"BreadcrumbList","@id":"http:\/\/expocarola.com\/home\/contactenos\/#breadcrumb","itemListElement":[{"@type":"ListItem","position":1,"name":"Portada","item":"http:\/\/expocarola.com\/home\/"},{"@type":"ListItem","position":2,"name":"Cont\u00e1ctenos"}]},{"@type":"WebSite","@id":"http:\/\/expocarola.com\/home\/#website","url":"http:\/\/expocarola.com\/home\/","name":"Expocarola S.A.S","description":"Expocarola S.A.S. es una Empresa creada para satisfacer las crecientes demandas de los consumidores en el pa\u00eds y el mundo.","potentialAction":[{"@type":"SearchAction","target":{"@type":"EntryPoint","urlTemplate":"http:\/\/expocarola.com\/home\/?s={search_term_string}"},"query-input":{"@type":"PropertyValueSpecification","valueRequired":true,"valueName":"search_term_string"}}],"inLanguage":"es"}]}},"_links":{"self":[{"href":"http:\/\/expocarola.com\/home\/wp-json\/wp\/v2\/pages\/46","targetHints":{"allow":["GET"]}}],"collection":[{"href":"http:\/\/expocarola.com\/home\/wp-json\/wp\/v2\/pages"}],"about":[{"href":"http:\/\/expocarola.com\/home\/wp-json\/wp\/v2\/types\/page"}],"author":[{"embeddable":true,"href":"http:\/\/expocarola.com\/home\/wp-json\/wp\/v2\/users\/1"}],"replies":[{"embeddable":true,"href":"http:\/\/expocarola.com\/home\/wp-json\/wp\/v2\/comments?post=46"}],"version-history":[{"count":29,"href":"http:\/\/expocarola.com\/home\/wp-json\/wp\/v2\/pages\/46\/revisions"}],"predecessor-version":[{"id":953,"href":"http:\/\/expocarola.com\/home\/wp-json\/wp\/v2\/pages\/46\/revisions\/953"}],"wp:attachment":[{"href":"http:\/\/expocarola.com\/home\/wp-json\/wp\/v2\/media?parent=46"}],"curies":[{"name":"wp","href":"https:\/\/api.w.org\/{rel}","templated":true}]}}